{"id":74,"date":"2020-01-21T05:40:15","date_gmt":"2020-01-21T05:40:15","guid":{"rendered":"https:\/\/stranapoesia.com\/2020\/?post_type=product&#038;p=74"},"modified":"2023-08-28T19:05:39","modified_gmt":"2023-08-28T19:05:39","slug":"en-mi-moscu-y-otros-poemas","status":"publish","type":"product","link":"https:\/\/stranapoesia.com\/2020\/producto\/en-mi-moscu-y-otros-poemas\/","title":{"rendered":"En mi Mosc\u00fa y otros poemas"},"content":{"rendered":"<p>En mi Mosc\u00fa y otros poemas. Selecci\u00f3n de poes\u00eda de Marina Tsvet\u00e1yeva<\/p>\n<div class=\"leadContenido col-sm-12\"><span class=\"leadContenido_texto\">En mi Mosc\u00fa y otros poemas es el tercer proyecto de traducci\u00f3n de Ekaterina Ignatova. En esta ocasi\u00f3n, la autora se dedica\u00a0a la obra de Marina Tsvet\u00e1yeva (1892-1941), reconocida como una de las poetas m\u00e1s importantes del siglo XX en Rusia.<\/span><\/div>\n<div class=\"textoContenido col-sm-12\">\n<p><strong><em>En mi Mosc\u00fa\u00a0<\/em>y otros poemas\u00a0<\/strong>es el tercer proyecto de traducci\u00f3n de Ekaterina Ignatova. En esta ocasi\u00f3n, la autora se dedica\u00a0a la obra de Marina Tsvet\u00e1yeva (1892-1941), reconocida como una de las poetas m\u00e1s importantes del siglo XX en Rusia. El libro presenta una selecci\u00f3n de textos de Tsvet\u00e1yeva que dan cuenta, entre otros motivos, de la complicada vida que atraves\u00f3 la creadora, especialmente por los hechos pol\u00edticos y sociales que marcaron la revoluci\u00f3n de octubre de 1917 y el advenimiento de un r\u00e9gimen de pensamiento \u00fanico, que gobern\u00f3 Rusia por casi setenta a\u00f1os. Pero, adem\u00e1s, la poes\u00eda de Tsvet\u00e1yeva guarda un lugar especial para su ciudad natal, Mosc\u00fa, a la cual dedic\u00f3\u00a0buena parte de su obra e igualmente inspira el t\u00edtulo de esta publicaci\u00f3n.<\/p>\n<p>&nbsp;<\/p>\n<p><strong>Algunos extractos del libro\u00a0<em>En mi Mosc\u00fa<\/em>\u00a0y otros poemas<\/strong><\/p>\n<p>En pr\u00e1cticamente toda la obra de la poeta Marina Ivanovna Tsvet\u00e1yeva (Mosc\u00fa, 1892 &#8211; Yelabuga, 1941) se expresan las dificultades de una vida llena de desilusiones inesperadas. Sus poemas reproducen una confesi\u00f3n de aquella existencia compleja y abrumadora.<\/p>\n<p>(\u2026)<\/p>\n<p>En su infancia la poeta ya practicaba la escritura de versos en tres idiomas. Un simple listado de lo le\u00eddo por Marina hasta la edad de dieciocho a\u00f1os (aprendi\u00f3 a leer a los cuatro), hoy parecer\u00eda inveros\u00edmil, no solo por la cantidad, sino tambi\u00e9n por su variedad. La lectura estimul\u00f3 su creatividad y sus primeros textos \u2013a veces ingenuos y sin embargo con visos de talento\u2013 presentan una de sus cualidades como creadora: conseguir una afinidad entre vida, palabra y personalidad, por lo que, como se ha sugerido, podr\u00eda llamarse a buena parte de su obra como poes\u00eda confesi\u00f3n.<\/p>\n<p>En octubre de 1910, siendo todav\u00eda alumna de colegio, utiliz\u00f3 unos pocos ahorros para publicar quinientos ejemplares de su primer poemario, \u00c1lbum del ocaso. Acababa de cumplir dieciocho a\u00f1os y desde los catorce ya era hu\u00e9rfana de madre. La impresi\u00f3n general que produce aquel texto se parece al hallazgo del diario de un ni\u00f1o, muy observador en sus vivencias:<\/p>\n<p><em>\u00a1A mis versos de ni\u00f1a,<br \/>\nde cuando yo ni sab\u00eda que era poeta,<br \/>\na ellos que salpicaban como una fuente,<br \/>\nque eran como destellos de un cohete!<\/em><\/p>\n<p>Posteriormente, en una de las reuniones de la editorial y club literario simbolista Musaguet, Marina regal\u00f3 un ejemplar de aquel \u00c1lbum al poeta Maximilian Voloshin, comenzando con esto una amistad de por vida. El poeta public\u00f3 un elogioso art\u00edculo dedicado a aquel primer trabajo de Tsvet\u00e1yeva. Como ning\u00fan otro contempor\u00e1neo, Voloshin comprendi\u00f3 y apreci\u00f3 el valor de \u00c1lbum del ocaso. En mayo de 1911 Tsvet\u00e1yeva fue invitada a la casa del poeta en Koktebel (Crimea) y fue all\u00ed donde conoci\u00f3 a Serguei Efron, su futuro esposo, entonces de 17 a\u00f1os, reci\u00e9n llegado de un pensionado de Helsinki.<\/p>\n<\/div>\n","protected":false},"excerpt":{"rendered":"<p><strong>Sobre la autora<\/strong><\/p>\n<p>Ekaterina Ignatova (Mosc\u00fa, 1948) asisti\u00f3 a la Universidad Jaguel\u00f3nica de Cracovia, donde obtuvo sus t\u00edtulos de licenciatura y maestr\u00eda en Filolog\u00eda. Trabaj\u00f3 como catedr\u00e1tica universitaria en Ecuador por treinta a\u00f1os. Se especializ\u00f3 en la ense\u00f1anza de literatura y lenguas rusa y francesa.<\/p>\n<p>&nbsp;<\/p>\n<p><strong>Publicaciones de la autora<\/strong><\/p>\n<ul>\n<li>Marco hist\u00f3rico de la literatura rusa del siglo XIX.<\/li>\n<\/ul>\n<ul>\n<li><em>La desconocida<\/em>\u00a0<em>y otros poemas<\/em> de Aleksandr Blok, en colaboraci\u00f3n con Iv\u00e1n Carvajal.<\/li>\n<\/ul>\n<ul>\n<li><em>En mi Mosc\u00fa y otros poemas<\/em>. Selecci\u00f3n de poes\u00eda de Marina Tsvet\u00e1yeva.<\/li>\n<\/ul>\n<ul>\n<li><em>Olas y otros poemas<\/em>. Selecci\u00f3n de poes\u00eda de Boris Pasternak.<\/li>\n<\/ul>\n","protected":false},"featured_media":72,"template":"","meta":[],"product_brand":[],"product_cat":[18],"product_tag":[],"class_list":{"0":"post-74","1":"product","2":"type-product","3":"status-publish","4":"has-post-thumbnail","6":"product_cat-traduccion-ruso-espanol","8":"first","9":"instock","10":"taxable","11":"shipping-taxable","12":"purchasable","13":"product-type-simple"},"jetpack_sharing_enabled":true,"_links":{"self":[{"href":"https:\/\/stranapoesia.com\/2020\/wp-json\/wp\/v2\/product\/74","targetHints":{"allow":["GET"]}}],"collection":[{"href":"https:\/\/stranapoesia.com\/2020\/wp-json\/wp\/v2\/product"}],"about":[{"href":"https:\/\/stranapoesia.com\/2020\/wp-json\/wp\/v2\/types\/product"}],"wp:featuredmedia":[{"embeddable":true,"href":"https:\/\/stranapoesia.com\/2020\/wp-json\/wp\/v2\/media\/72"}],"wp:attachment":[{"href":"https:\/\/stranapoesia.com\/2020\/wp-json\/wp\/v2\/media?parent=74"}],"wp:term":[{"taxonomy":"product_brand","embeddable":true,"href":"https:\/\/stranapoesia.com\/2020\/wp-json\/wp\/v2\/product_brand?post=74"},{"taxonomy":"product_cat","embeddable":true,"href":"https:\/\/stranapoesia.com\/2020\/wp-json\/wp\/v2\/product_cat?post=74"},{"taxonomy":"product_tag","embeddable":true,"href":"https:\/\/stranapoesia.com\/2020\/wp-json\/wp\/v2\/product_tag?post=74"}],"curies":[{"name":"wp","href":"https:\/\/api.w.org\/{rel}","templated":true}]}}