{"id":337,"date":"2023-08-28T18:01:50","date_gmt":"2023-08-28T18:01:50","guid":{"rendered":"https:\/\/stranapoesia.com\/2020\/?post_type=product&#038;p=337"},"modified":"2023-08-28T19:05:30","modified_gmt":"2023-08-28T19:05:30","slug":"olas-y-otros-poemas-seleccion-de-poesia-de-boris-pasternak","status":"publish","type":"product","link":"https:\/\/stranapoesia.com\/2020\/producto\/olas-y-otros-poemas-seleccion-de-poesia-de-boris-pasternak\/","title":{"rendered":"Olas y otros poemas. Selecci\u00f3n de poes\u00eda de Boris Pasternak"},"content":{"rendered":"<div class=\"leadContenido col-sm-12\"><span class=\"leadContenido_texto\">Olas y otros poemas es un proyecto de traducci\u00f3n de textos del poeta ruso Boris Pasternak, Premio Nobel de Literatura en 1958, y reconocido autor de la novela Doctor Zhivago. En el libro se encuentran treinta poemas seleccionados de entre la formidable obra de Boris Pasternak, y textos adicionales que sit\u00faan al artista a lo largo del tiempo y en dos sitios de trascendencia para su producci\u00f3n literaria: Mosc\u00fa y el C\u00e1ucaso.<\/span><\/div>\n<div><\/div>\n<div class=\"textoContenido col-sm-12\">\n<p>&nbsp;<\/p>\n<p><strong>Sobre Boris Pasternak (extracto del libro)<\/strong><\/p>\n<p>Fuera de Rusia se dice que Pasternak fue un novelista que tambi\u00e9n escrib\u00eda versos. Nada m\u00e1s injusto para calificar al mejor poeta ruso del siglo XX. La poes\u00eda de Pasternak tiene el potencial de provocar dos reacciones polarizantes. Una es la aceptaci\u00f3n total e inmediata de un lenguaje y un sonido innovadores en la tradici\u00f3n po\u00e9tica rusa. La otra reacci\u00f3n es, como puede adivinarse, un rechazo absoluto debido a la complejidad de su propuesta metaf\u00f3rica. El mundo de Pasternak no es sostenible sin su palabra m\u00e1gica. En dicho mundo, lo pl\u00e1stico y lo musical prevalecen sobre lo sem\u00e1ntico.<\/p>\n<p><strong>Sobre la autora<\/strong><\/p>\n<p>Ekaterina Ignatova (Mosc\u00fa, 1948) asisti\u00f3 a la Universidad Jaguel\u00f3nica de Cracovia. Es Mag\u00edster en Filolog\u00eda y traductora. Trabaj\u00f3 como catedr\u00e1tica universitaria por treinta a\u00f1os. Se especializ\u00f3 en la ense\u00f1anza de literatura y lenguas rusa y francesa.<\/p>\n<\/div>\n<p>&nbsp;<\/p>\n<p>&nbsp;<\/p>\n<p>&nbsp;<\/p>\n<p style=\"text-align: center;\"><a href=\"https:\/\/stranapoesia.com\/upload\/files\/muestra-olas-pasternak-enero-2018.pdf\"><strong><em><img loading=\"lazy\" decoding=\"async\" class=\"alignnone size-medium wp-image-71\" src=\"https:\/\/stranapoesia.com\/2020\/wp-content\/uploads\/2020\/01\/339b88_portadapasternak1-208x300.png\" alt=\"\" width=\"208\" height=\"300\" srcset=\"https:\/\/stranapoesia.com\/2020\/wp-content\/uploads\/2020\/01\/339b88_portadapasternak1-208x300.png 208w, https:\/\/stranapoesia.com\/2020\/wp-content\/uploads\/2020\/01\/339b88_portadapasternak1-500x722.png 500w, https:\/\/stranapoesia.com\/2020\/wp-content\/uploads\/2020\/01\/339b88_portadapasternak1.png 600w\" sizes=\"auto, (max-width: 208px) 100vw, 208px\" \/><\/em><\/strong><\/a><\/p>\n<p style=\"text-align: center;\"><a href=\"https:\/\/stranapoesia.com\/upload\/files\/muestra-olas-pasternak-enero-2018.pdf\"><strong><em>Olas<\/em>\u00a0y otros poemas<br \/>\n[Descargar un extracto del libro en PDF]<\/strong><\/a><\/p>\n<p>&nbsp;<\/p>\n<p>&nbsp;<\/p>\n","protected":false},"excerpt":{"rendered":"<p><strong>Sobre la autora<\/strong><\/p>\n<p>Ekaterina Ignatova (Mosc\u00fa, 1948) asisti\u00f3 a la Universidad Jaguel\u00f3nica de Cracovia, donde obtuvo sus t\u00edtulos de licenciatura y maestr\u00eda en Filolog\u00eda. Trabaj\u00f3 como catedr\u00e1tica universitaria en Ecuador por treinta a\u00f1os. Se especializ\u00f3 en la ense\u00f1anza de literatura y lenguas rusa y francesa.<\/p>\n<p>&nbsp;<\/p>\n<p><strong>Publicaciones de la autora<\/strong><\/p>\n<ul>\n<li>Marco hist\u00f3rico de la literatura rusa del siglo XIX.<\/li>\n<\/ul>\n<ul>\n<li><em>La desconocida<\/em>\u00a0<em>y otros poemas<\/em> de Aleksandr Blok, en colaboraci\u00f3n con Iv\u00e1n Carvajal.<\/li>\n<\/ul>\n<ul>\n<li><em>En mi Mosc\u00fa y otros poemas<\/em>. Selecci\u00f3n de poes\u00eda de Marina Tsvet\u00e1yeva.<\/li>\n<\/ul>\n<ul>\n<li><em>Olas y otros poemas<\/em>. Selecci\u00f3n de poes\u00eda de Boris Pasternak.<\/li>\n<\/ul>\n","protected":false},"featured_media":71,"template":"","meta":[],"product_brand":[],"product_cat":[18],"product_tag":[],"class_list":{"0":"post-337","1":"product","2":"type-product","3":"status-publish","4":"has-post-thumbnail","6":"product_cat-traduccion-ruso-espanol","8":"first","9":"instock","10":"taxable","11":"shipping-taxable","12":"purchasable","13":"product-type-simple"},"jetpack_sharing_enabled":true,"_links":{"self":[{"href":"https:\/\/stranapoesia.com\/2020\/wp-json\/wp\/v2\/product\/337","targetHints":{"allow":["GET"]}}],"collection":[{"href":"https:\/\/stranapoesia.com\/2020\/wp-json\/wp\/v2\/product"}],"about":[{"href":"https:\/\/stranapoesia.com\/2020\/wp-json\/wp\/v2\/types\/product"}],"wp:featuredmedia":[{"embeddable":true,"href":"https:\/\/stranapoesia.com\/2020\/wp-json\/wp\/v2\/media\/71"}],"wp:attachment":[{"href":"https:\/\/stranapoesia.com\/2020\/wp-json\/wp\/v2\/media?parent=337"}],"wp:term":[{"taxonomy":"product_brand","embeddable":true,"href":"https:\/\/stranapoesia.com\/2020\/wp-json\/wp\/v2\/product_brand?post=337"},{"taxonomy":"product_cat","embeddable":true,"href":"https:\/\/stranapoesia.com\/2020\/wp-json\/wp\/v2\/product_cat?post=337"},{"taxonomy":"product_tag","embeddable":true,"href":"https:\/\/stranapoesia.com\/2020\/wp-json\/wp\/v2\/product_tag?post=337"}],"curies":[{"name":"wp","href":"https:\/\/api.w.org\/{rel}","templated":true}]}}