{"id":17,"date":"2020-01-21T04:44:16","date_gmt":"2020-01-21T04:44:16","guid":{"rendered":"https:\/\/stranapoesia.com\/2020\/?page_id=17"},"modified":"2023-08-28T19:13:31","modified_gmt":"2023-08-28T19:13:31","slug":"contacto","status":"publish","type":"page","link":"https:\/\/stranapoesia.com\/2020\/contacto\/","title":{"rendered":"Contacto"},"content":{"rendered":"<div class=\"leadContenido col-sm-12\">Para contactar a Strana y adquirir alguna de nuestras publicaciones o enviar propuestas editoriales:<\/p>\n<\/div>\n<div><\/div>\n<div><\/div>\n<div><\/div>\n<div class=\"textoContenido col-sm-12\">\n<blockquote><p>Celular: <a href=\"tel:+593-9-87211171\">(+593 9) 87 211 171\u00a0<\/a><\/p>\n<p>Correo:\u00a0<a href=\"mailto:info@stranapoesia.com\">info@stranapoesia.com<\/a><\/p><\/blockquote>\n<p>&nbsp;<\/p>\n<p>Entregamos nuestras publicaciones a domicilio sin recargo en Ecuador (continental).<\/p>\n<p>Para conocer nuestras traducciones consulte nuestro\u00a0<a href=\"https:\/\/stranapoesia.com\/2020\/tienda\/\">cat\u00e1logo<\/a>.<\/p>\n<p>&nbsp;<\/p>\n<p>*<\/p>\n<p>Puntos de venta Strana:<\/p>\n<p><strong>Librer\u00eda Rayuela<\/strong><br \/>\nGerm\u00e1n Alem\u00e1n E12-62 y Juan Ram\u00edrez (<a href=\"https:\/\/www.google.com.ec\/maps\/place\/Librer%C3%ADa+Rayuela\/@-0.1799067,-78.4780261,17z\/data=!4m12!1m6!3m5!1s0x91d59a81dce52f13:0x304f4b6349dc3028!2sLibrer%C3%ADa+Rayuela!8m2!3d-0.1799121!4d-78.4758374!3m4!1s0x91d59a81dce52f13:0x304f4b6349dc3028!8m2!3d-0.1799121!4d-78.4758374?hl=es-419\" target=\"_blank\" rel=\"noopener noreferrer\">mapa<\/a>).<br \/>\nQuito &#8211; Ecuador<br \/>\n(593 2) 246-5153 | 246-3917 | 227-3787<\/p>\n<p>&nbsp;<\/p>\n<p><strong>Tolstoi Librer\u00eda<\/strong><br \/>\nVancouver s\/n entre Italia y Alemania (<a href=\"https:\/\/www.google.com.ec\/maps\/place\/Librer%C3%ADa+Tolstoi\/@-0.1914691,-78.4932704,17z\/data=!4m12!1m6!3m5!1s0x91d59a65eb936183:0x3afd410d70f02f7!2sLibrer%C3%ADa+Tolstoi!8m2!3d-0.1914745!4d-78.4910817!3m4!1s0x91d59a65eb936183:0x3afd410d70f02f7!8m2!3d-0.1914745!4d-78.4910817?hl=es-419\" target=\"_blank\" rel=\"noopener noreferrer\">mapa<\/a>).<br \/>\nA una cuadra de la Casa Humboldt.<br \/>\nQuito &#8211; Ecuador<br \/>\n(02) 323-8207<\/p>\n<\/div>\n<div class=\"notasContenido col-sm-12\"><\/div>\n<div class=\"ContenidosSubordinadosNormal col-sm-12\"><\/div>\n","protected":false},"excerpt":{"rendered":"<p>Para contactar a Strana y adquirir alguna de nuestras publicaciones o enviar propuestas editoriales: Celular: (+593 9) 87 211 171\u00a0 Correo:\u00a0info@stranapoesia.com [&hellip;]<\/p>\n","protected":false},"author":1,"featured_media":0,"parent":0,"menu_order":0,"comment_status":"closed","ping_status":"closed","template":"","meta":{"footnotes":""},"class_list":["post-17","page","type-page","status-publish","hentry"],"jetpack_sharing_enabled":true,"_links":{"self":[{"href":"https:\/\/stranapoesia.com\/2020\/wp-json\/wp\/v2\/pages\/17","targetHints":{"allow":["GET"]}}],"collection":[{"href":"https:\/\/stranapoesia.com\/2020\/wp-json\/wp\/v2\/pages"}],"about":[{"href":"https:\/\/stranapoesia.com\/2020\/wp-json\/wp\/v2\/types\/page"}],"author":[{"embeddable":true,"href":"https:\/\/stranapoesia.com\/2020\/wp-json\/wp\/v2\/users\/1"}],"replies":[{"embeddable":true,"href":"https:\/\/stranapoesia.com\/2020\/wp-json\/wp\/v2\/comments?post=17"}],"version-history":[{"count":6,"href":"https:\/\/stranapoesia.com\/2020\/wp-json\/wp\/v2\/pages\/17\/revisions"}],"predecessor-version":[{"id":356,"href":"https:\/\/stranapoesia.com\/2020\/wp-json\/wp\/v2\/pages\/17\/revisions\/356"}],"wp:attachment":[{"href":"https:\/\/stranapoesia.com\/2020\/wp-json\/wp\/v2\/media?parent=17"}],"curies":[{"name":"wp","href":"https:\/\/api.w.org\/{rel}","templated":true}]}}